{"id":44,"date":"2021-06-21T13:40:48","date_gmt":"2021-06-21T13:40:48","guid":{"rendered":"http:\/\/www.partnerlogistics.hr\/?page_id=44"},"modified":"2024-03-05T09:02:48","modified_gmt":"2024-03-05T09:02:48","slug":"partnerlogistics-hr","status":"publish","type":"page","link":"https:\/\/www.partnerlogistics.hr\/en\/","title":{"rendered":"Partnerlogistics.hr"},"content":{"rendered":"<div id=\"pl-gb44-69e502bea1122\"  class=\"panel-layout\" ><div id=\"pg-gb44-69e502bea1122-0\"  class=\"panel-grid panel-has-style\" ><div class=\"siteorigin-panels-stretch panel-row-style panel-row-style-for-gb44-69e502bea1122-0\" data-stretch-type=\"full\" ><div id=\"pgc-gb44-69e502bea1122-0-0\"  class=\"panel-grid-cell\" >    <div id=\"panel-gb44-69e502bea1122-0-0-0\" class=\"widget_text so-panel widget widget_custom_html panel-first-child panel-last-child\" data-index=\"0\" ><div class=\"textwidget custom-html-widget\"><div id=\"slider_69e502bea1373\" class=\"slider_instance\" style=\"position: relative;\" data-options=\"{&quot;id&quot;:1,&quot;name&quot;:&quot;slider 1&quot;,&quot;instanceName&quot;:&quot;slider 1&quot;,&quot;date&quot;:&quot;2021-06-21 13:42:28&quot;,&quot;status&quot;:&quot;published&quot;,&quot;layerWidth&quot;:&quot;100%&quot;,&quot;layerHeight&quot;:&quot;100%&quot;,&quot;shadow&quot;:&quot;effect2&quot;,&quot;mode&quot;:&quot;webgl&quot;,&quot;initialSlide&quot;:0,&quot;grabCursor&quot;:true,&quot;stopOnLastSlide&quot;:false,&quot;showSlidesRandomOrder&quot;:false,&quot;preloadFirstSlide&quot;:false,&quot;width&quot;:1000,&quot;height&quot;:550,&quot;responsive&quot;:true,&quot;ratio&quot;:2,&quot;forceResponsive&quot;:true,&quot;fullscreen&quot;:true,&quot;layerStarOnTransitionStart&quot;:false,&quot;autoplay&quot;:{&quot;enable&quot;:false,&quot;delay&quot;:10000,&quot;progress&quot;:false,&quot;pauseOnHover&quot;:false,&quot;reverseDirection&quot;:false},&quot;buttons&quot;:{&quot;pauseVisible&quot;:false,&quot;muteVisible&quot;:false},&quot;resetVideos&quot;:false,&quot;videoAutoplay&quot;:true,&quot;navigation&quot;:{&quot;enable&quot;:true,&quot;style&quot;:&quot;effect5&quot;},&quot;keyboard&quot;:{&quot;enable&quot;:true},&quot;wheelNavigation&quot;:{&quot;enable&quot;:false,&quot;stopOnLast&quot;:false,&quot;interval&quot;:2000},&quot;pagination&quot;:{&quot;enable&quot;:true,&quot;style&quot;:&quot;effect4&quot;,&quot;clickable&quot;:true,&quot;dynamicBullets&quot;:false},&quot;thumbs&quot;:{&quot;enable&quot;:false,&quot;position&quot;:&quot;bottom&quot;,&quot;thumbWidth&quot;:100,&quot;thumbHeight&quot;:60,&quot;spaceAround&quot;:3,&quot;spaceBetween&quot;:3,&quot;outsideSlider&quot;:true,&quot;centered&quot;:true},&quot;hashNavigation&quot;:{&quot;enable&quot;:false},&quot;loading&quot;:{&quot;fadeEffect&quot;:true,&quot;backgroundColor&quot;:&quot;#FFFFFF&quot;,&quot;color&quot;:&quot;#262626&quot;,&quot;style&quot;:&quot;style2&quot;},&quot;lightbox&quot;:{&quot;backgroundColor&quot;:&quot;#000000F2&quot;,&quot;closeColor&quot;:&quot;#FFFFFF&quot;},&quot;slides&quot;:[{&quot;src&quot;:&quot;http:\\\/\\\/www.partnerlogistics.hr\\\/wp-content\\\/uploads\\\/2021\\\/07\\\/Transportation-1.m4v&quot;,&quot;transitionEffect&quot;:&quot;slide&quot;,&quot;elements&quot;:[{&quot;type&quot;:&quot;heading&quot;,&quot;mode&quot;:&quot;canvas&quot;,&quot;content&quot;:&quot;Me\\u0111unarodni i doma\\u0107i transport&quot;,&quot;htmlTag&quot;:&quot;h1&quot;,&quot;fontSize&quot;:&quot;35px&quot;,&quot;fontFamily&quot;:&quot;Kanit&quot;,&quot;fontWeight&quot;:&quot;400&quot;,&quot;textColor&quot;:&quot;#FFFFFF&quot;,&quot;backgroundColor&quot;:&quot;#00000000&quot;,&quot;borderRadius&quot;:&quot;0px&quot;,&quot;position&quot;:{&quot;x&quot;:&quot;center&quot;,&quot;y&quot;:&quot;center&quot;,&quot;offsetX&quot;:-38,&quot;offsetY&quot;:109},&quot;typingAnimation&quot;:{&quot;speed&quot;:50,&quot;loop&quot;:false,&quot;loopDelay&quot;:750,&quot;cursor&quot;:true,&quot;startDelay&quot;:0,&quot;freezeAt&quot;:0,&quot;unfreezeAfter&quot;:0},&quot;startAnimation&quot;:{&quot;animation&quot;:&quot;fadeInDown&quot;,&quot;speed&quot;:500,&quot;delay&quot;:0},&quot;endAnimation&quot;:{&quot;animation&quot;:&quot;fadeOutUp&quot;,&quot;speed&quot;:5000,&quot;delay&quot;:0},&quot;contentAnimationType&quot;:&quot;animating&quot;,&quot;color&quot;:&quot;#FFFFFF&quot;,&quot;paddingTop&quot;:&quot;5px&quot;,&quot;paddingLeft&quot;:&quot;5px&quot;,&quot;paddingRight&quot;:&quot;5px&quot;,&quot;paddingBottom&quot;:&quot;5px&quot;,&quot;borderWidth&quot;:&quot;0px&quot;,&quot;borderColor&quot;:&quot;#FFFFFF&quot;,&quot;borderStyle&quot;:&quot;none&quot;,&quot;lineHeight&quot;:&quot;58px&quot;,&quot;letterSpacing&quot;:&quot;0&quot;,&quot;textShadow&quot;:&quot;0px 0px 0px #00000080&quot;,&quot;textAlign&quot;:&quot;left&quot;,&quot;textShadowHorizontal&quot;:&quot;0px&quot;,&quot;textShadowVertical&quot;:&quot;0px&quot;,&quot;textShadowBlur&quot;:&quot;0px&quot;,&quot;textShadowColor&quot;:&quot;#00000080&quot;},{&quot;type&quot;:&quot;text&quot;,&quot;mode&quot;:&quot;canvas&quot;,&quot;content&quot;:&quot;&lt;ul&gt;\\n&lt;li&gt;&lt;strong&gt;Logistika&lt;\\\/strong&gt;&lt;\\\/li&gt;\\n&lt;li&gt;&lt;strong&gt;Carinsko posredovanje&lt;\\\/strong&gt;&lt;\\\/li&gt;\\n&lt;li&gt;&lt;strong&gt;Usluge logisti\\u010dkog savjetovanja&lt;\\\/strong&gt;&lt;\\\/li&gt;\\n&lt;\\\/ul&gt;&quot;,&quot;htmlTag&quot;:&quot;p&quot;,&quot;fontSize&quot;:&quot;21px&quot;,&quot;fontWeight&quot;:&quot;normal&quot;,&quot;textColor&quot;:&quot;#FFFFFF&quot;,&quot;backgroundColor&quot;:&quot;#00000000&quot;,&quot;borderRadius&quot;:&quot;0&quot;,&quot;position&quot;:{&quot;x&quot;:&quot;center&quot;,&quot;y&quot;:&quot;center&quot;,&quot;offsetX&quot;:293,&quot;offsetY&quot;:-47},&quot;typingAnimation&quot;:{&quot;speed&quot;:50,&quot;loop&quot;:false,&quot;loopDelay&quot;:750,&quot;cursor&quot;:true,&quot;startDelay&quot;:0,&quot;freezeAt&quot;:0,&quot;unfreezeAfter&quot;:0},&quot;startAnimation&quot;:{&quot;animation&quot;:&quot;fadeInUp&quot;,&quot;speed&quot;:500,&quot;delay&quot;:0},&quot;endAnimation&quot;:{&quot;animation&quot;:&quot;fadeOutUp&quot;,&quot;speed&quot;:10000,&quot;delay&quot;:0},&quot;contentAnimationType&quot;:&quot;animating&quot;,&quot;color&quot;:&quot;#FFFFFF&quot;,&quot;paddingTop&quot;:&quot;5px&quot;,&quot;paddingRight&quot;:&quot;5px&quot;,&quot;paddingBottom&quot;:&quot;5px&quot;,&quot;paddingLeft&quot;:&quot;5px&quot;},{&quot;type&quot;:&quot;text&quot;,&quot;mode&quot;:&quot;canvas&quot;,&quot;content&quot;:&quot;&lt;ul&gt;\\n&lt;li&gt;&lt;strong&gt;Kamionski prijevoz&lt;\\\/strong&gt;&lt;\\\/li&gt;\\n&lt;li&gt;&lt;strong&gt;Pomorski prijevoz&lt;\\\/strong&gt;&lt;\\\/li&gt;\\n&lt;li&gt;&lt;strong&gt;Avio prijevoz&lt;\\\/strong&gt;&lt;\\\/li&gt;\\n&lt;\\\/ul&gt;&quot;,&quot;htmlTag&quot;:&quot;p&quot;,&quot;fontSize&quot;:&quot;21px&quot;,&quot;fontWeight&quot;:&quot;normal&quot;,&quot;textColor&quot;:&quot;#FFFFFF&quot;,&quot;backgroundColor&quot;:&quot;#00000000&quot;,&quot;borderRadius&quot;:&quot;0&quot;,&quot;position&quot;:{&quot;x&quot;:&quot;center&quot;,&quot;y&quot;:&quot;center&quot;,&quot;offsetX&quot;:-295,&quot;offsetY&quot;:-52},&quot;typingAnimation&quot;:{&quot;speed&quot;:50,&quot;loop&quot;:false,&quot;loopDelay&quot;:750,&quot;cursor&quot;:true,&quot;startDelay&quot;:0,&quot;freezeAt&quot;:0,&quot;unfreezeAfter&quot;:0},&quot;startAnimation&quot;:{&quot;animation&quot;:&quot;fadeInUp&quot;,&quot;speed&quot;:500,&quot;delay&quot;:0},&quot;endAnimation&quot;:{&quot;animation&quot;:&quot;fadeOutUp&quot;,&quot;speed&quot;:10000,&quot;delay&quot;:0},&quot;contentAnimationType&quot;:&quot;animating&quot;,&quot;color&quot;:&quot;#FFFFFF&quot;,&quot;paddingTop&quot;:&quot;5px&quot;,&quot;paddingRight&quot;:&quot;5px&quot;,&quot;paddingBottom&quot;:&quot;5px&quot;,&quot;paddingLeft&quot;:&quot;5px&quot;}],&quot;direction&quot;:&quot;left&quot;},{&quot;src&quot;:&quot;http:\\\/\\\/www.partnerlogistics.hr\\\/wp-content\\\/uploads\\\/2021\\\/06\\\/partner_logistics.jpeg&quot;,&quot;thumbSrc&quot;:&quot;http:\\\/\\\/www.partnerlogistics.hr\\\/wp-content\\\/uploads\\\/2021\\\/06\\\/partner_logistics-300x200.jpeg&quot;,&quot;transitionEffect&quot;:&quot;slide&quot;,&quot;elements&quot;:[{&quot;type&quot;:&quot;button&quot;,&quot;content&quot;:&quot;Kontakt&quot;,&quot;fontSize&quot;:&quot;13.2px&quot;,&quot;fontFamily&quot;:&quot;Verdana,Arial,sans-serif&quot;,&quot;fontWeight&quot;:700,&quot;textColor&quot;:&quot;#FFFFFF&quot;,&quot;position&quot;:{&quot;x&quot;:&quot;center&quot;,&quot;y&quot;:&quot;center&quot;,&quot;offsetX&quot;:0,&quot;offsetY&quot;:0},&quot;startAnimation&quot;:{&quot;animation&quot;:&quot;fadeInUp&quot;,&quot;speed&quot;:1200,&quot;delay&quot;:600},&quot;endAnimation&quot;:{&quot;animation&quot;:&quot;fadeOut&quot;,&quot;speed&quot;:1000},&quot;paddingTop&quot;:&quot;10px&quot;,&quot;paddingLeft&quot;:&quot;40px&quot;,&quot;paddingRight&quot;:&quot;40px&quot;,&quot;paddingBottom&quot;:&quot;10px&quot;,&quot;hover&quot;:{&quot;textColor&quot;:&quot;#0D0D12&quot;,&quot;backgroundColor&quot;:&quot;#FFFFFF&quot;,&quot;borderColor&quot;:&quot;#FFFFFF&quot;,&quot;color&quot;:&quot;#0D0D12&quot;},&quot;mode&quot;:&quot;content&quot;,&quot;customCSS&quot;:&quot;-webkit-transition: all .3s ease-in-out;\\n-moz-transition: all .3s ease-in-out;\\n-ms-transition: all .3s ease-in-out;\\n-o-transition: all .3s ease-in-out;\\ntransition: all .3s ease-in-out;\\nletter-spacing: .04em;\\n\\n\\n&quot;,&quot;textAlign&quot;:&quot;center&quot;,&quot;lineHeight&quot;:&quot;25px&quot;,&quot;display&quot;:&quot;inline-block&quot;,&quot;color&quot;:&quot;#FFFFFF&quot;,&quot;backgroundColor&quot;:&quot;#44D7B6&quot;,&quot;contentAnimationType&quot;:&quot;animating&quot;,&quot;letterSpacing&quot;:&quot;0&quot;,&quot;textShadow&quot;:&quot;none&quot;,&quot;url&quot;:&quot;mailto:Transport@partnerlogistics.hr&quot;},{&quot;type&quot;:&quot;heading&quot;,&quot;mode&quot;:&quot;canvas&quot;,&quot;content&quot;:&quot;Kontaktirajte nas s povjerenjem!&quot;,&quot;htmlTag&quot;:&quot;h2&quot;,&quot;fontSize&quot;:&quot;37px&quot;,&quot;fontFamily&quot;:&quot;Kanit&quot;,&quot;fontWeight&quot;:400,&quot;textColor&quot;:&quot;#000000&quot;,&quot;backgroundColor&quot;:&quot;#00000000&quot;,&quot;borderRadius&quot;:&quot;0px&quot;,&quot;position&quot;:{&quot;x&quot;:&quot;center&quot;,&quot;y&quot;:&quot;center&quot;,&quot;offsetX&quot;:193,&quot;offsetY&quot;:67},&quot;typingAnimation&quot;:{&quot;speed&quot;:50,&quot;loop&quot;:false,&quot;loopDelay&quot;:750,&quot;cursor&quot;:true,&quot;startDelay&quot;:0,&quot;freezeAt&quot;:0,&quot;unfreezeAfter&quot;:0},&quot;startAnimation&quot;:{&quot;animation&quot;:&quot;fadeIn&quot;,&quot;speed&quot;:1000,&quot;delay&quot;:0},&quot;endAnimation&quot;:{&quot;animation&quot;:&quot;fadeOutUp&quot;,&quot;speed&quot;:500,&quot;delay&quot;:0},&quot;contentAnimationType&quot;:&quot;animating&quot;,&quot;color&quot;:&quot;#000000&quot;,&quot;paddingTop&quot;:&quot;0px&quot;,&quot;paddingLeft&quot;:&quot;0px&quot;,&quot;paddingRight&quot;:&quot;0px&quot;,&quot;paddingBottom&quot;:&quot;0px&quot;,&quot;borderWidth&quot;:&quot;0px&quot;,&quot;borderColor&quot;:&quot;#FFFFFF&quot;,&quot;borderStyle&quot;:&quot;none&quot;,&quot;lineHeight&quot;:&quot;38px&quot;,&quot;letterSpacing&quot;:&quot;0&quot;,&quot;textShadow&quot;:&quot;none&quot;}],&quot;direction&quot;:&quot;left&quot;}],&quot;fullscreenTablet&quot;:true,&quot;fullscreenMobile&quot;:true,&quot;widthMobile&quot;:1000,&quot;widthTablet&quot;:1000,&quot;heightMobile&quot;:550,&quot;heightTablet&quot;:550,&quot;responsiveMobile&quot;:true,&quot;responsiveTablet&quot;:true,&quot;forceResponsiveMobile&quot;:true,&quot;forceResponsiveTablet&quot;:true,&quot;rootFolder&quot;:&quot;https:\\\/\\\/www.partnerlogistics.hr\\\/wp-content\\\/plugins\\\/transition-slider-lite\\\/&quot;}\"><\/div><\/div><\/div><\/div><\/div><\/div><div id=\"pg-gb44-69e502bea1122-1\"  class=\"panel-grid panel-has-style\" ><div class=\"siteorigin-panels-stretch panel-row-style panel-row-style-for-gb44-69e502bea1122-1\" data-stretch-type=\"full-width-stretch\" ><div id=\"pgc-gb44-69e502bea1122-1-0\"  class=\"panel-grid-cell\" ><div id=\"panel-gb44-69e502bea1122-1-0-0\" class=\"so-panel widget widget_text panel-first-child panel-last-child\" data-index=\"1\" ><div class=\"panel-widget-style panel-widget-style-for-gb44-69e502bea1122-1-0-0\" >\t\t\t<div class=\"textwidget\"><p>Transport &amp; logistics, Partner Logistics d.o.o. is a freight forwarding company, we offer international, domestic transport and logistics services. Choose what you are interested in:<\/p>\n<ul>\n<li>Truck transportation<\/li>\n<li>Sea transportation<\/li>\n<li>Air cargo<\/li>\n<li>Logistics<\/li>\n<li>Customs brokerage<\/li>\n<li>Logistics consulting services<\/li>\n<\/ul>\n<\/div>\n\t\t<\/div><\/div><\/div><div id=\"pgc-gb44-69e502bea1122-1-1\"  class=\"panel-grid-cell\" ><div id=\"panel-gb44-69e502bea1122-1-1-0\" class=\"so-panel widget widget_themegrill_flash_image tg-widget tg-image-widget panel-first-child panel-last-child\" data-index=\"2\" >\t<img decoding=\"async\" src=\"http:\/\/www.partnerlogistics.hr\/wp-content\/uploads\/2021\/07\/transport.png\" \/>\n<\/div><\/div><\/div><\/div><div id=\"pg-gb44-69e502bea1122-2\"  class=\"panel-grid panel-has-style\" ><div class=\"siteorigin-panels-stretch panel-row-style panel-row-style-for-gb44-69e502bea1122-2\" data-stretch-type=\"full-width-stretch\" ><div id=\"pgc-gb44-69e502bea1122-2-0\"  class=\"panel-grid-cell\" ><div id=\"panel-gb44-69e502bea1122-2-0-0\" class=\"so-panel widget widget_themegrill_flash_heading tg-widget section-title-wrapper panel-first-child\" data-index=\"3\" >\t<h3 class=\"section-title\">About us<\/h3>\n<\/div><div id=\"panel-gb44-69e502bea1122-2-0-1\" class=\"so-panel widget widget_text\" data-index=\"4\" ><div class=\"flash_inherit_color panel-widget-style panel-widget-style-for-gb44-69e502bea1122-2-0-1\" >\t\t\t<div class=\"textwidget\"><p><em><strong>Partner Logistics d.o.o. is a freight forwarding company that emerged from many years of experience in transport and logistics. After years of experience in international logistics companies, we have decided to offer you fast, quality and user friendly service. We are part of an international network of freight forwarding companies that cover all transport and logistics needs in the region and beyond. We are focused on the client, we choose the best solutions for you, we want to be your long-term and reliable partner, we grow together!<\/strong><\/em><\/p>\n<\/div>\n\t\t<\/div><\/div><div id=\"panel-gb44-69e502bea1122-2-0-2\" class=\"so-panel widget widget_themegrill_flash_heading tg-widget section-title-wrapper panel-last-child\" data-index=\"5\" >\t<h3 class=\"section-title\">Services<\/h3>\n<\/div><\/div><\/div><\/div><div id=\"pg-gb44-69e502bea1122-3\"  class=\"panel-grid panel-no-style\" ><div id=\"pgc-gb44-69e502bea1122-3-0\"  class=\"panel-grid-cell panel-grid-cell-empty\" ><\/div><\/div><div id=\"pg-gb44-69e502bea1122-4\"  class=\"panel-grid panel-has-style\" ><div class=\"siteorigin-panels-stretch panel-row-style panel-row-style-for-gb44-69e502bea1122-4\" data-stretch-type=\"full-width-stretch\" ><div id=\"pgc-gb44-69e502bea1122-4-0\"  class=\"panel-grid-cell\" ><div id=\"panel-gb44-69e502bea1122-4-0-0\" class=\"so-panel widget widget_themegrill_flash_image tg-widget tg-image-widget panel-first-child panel-last-child\" data-index=\"6\" >\t<img decoding=\"async\" src=\"http:\/\/www.partnerlogistics.hr\/wp-content\/uploads\/2021\/06\/partner_logistics.jpeg\" \/>\n<\/div><\/div><div id=\"pgc-gb44-69e502bea1122-4-1\"  class=\"panel-grid-cell\" ><div id=\"panel-gb44-69e502bea1122-4-1-0\" class=\"so-panel widget widget_text panel-first-child panel-last-child\" data-index=\"7\" ><div class=\"panel-widget-style panel-widget-style-for-gb44-69e502bea1122-4-1-0\" >\t\t\t<div class=\"textwidget\"><p><strong>Truck transportation<br \/>\n<\/strong>We offer international and domestic truck transport services. Complete loads (FTL), partial loads (loads, LTL), groupage transport, tarpaulins, refrigerated vehicles, tanks.<\/p>\n<p><strong>Sea transportation<br \/>\n<\/strong>We offer international maritime transport services. Complete loads (FCL), partial loads (LCL) via the ports of Rijeka, Koper and other ports in the region, we offer a complete service from the port of departure to your warehouse.<\/p>\n<p><strong>Air cargo<br \/>\n<\/strong>We offer international air transport services. We offer a complete service from the airport of departure to your warehouse.<strong>\u00a0<\/strong><\/p>\n<p><strong>Logistics<br \/>\n<\/strong>We offer warehousing logistics services depending on your needs. Warehousing, handling, transhipment, confectioning and other services.<\/p>\n<p><strong>Customs brokerage<br \/>\n<\/strong>We offer customs brokerage at all border crossings in Croatia, major seaports and customs offices in Zagreb and other major cities in Croatia.<\/p>\n<p><strong>Logistics consulting services<br \/>\n<\/strong>If you want to optimize your import, export, reach new suppliers, customers in the fastest, most cost-effective way, we are here to advise you. Planning to do business with large international companies, retail chains, open new markets, we are here to share our experiences in transportation and logistics.<\/p>\n<\/div>\n\t\t<\/div><\/div><\/div><\/div><\/div><div id=\"pg-gb44-69e502bea1122-5\"  class=\"panel-grid panel-has-style\" ><div class=\"siteorigin-panels-stretch panel-row-style panel-row-style-for-gb44-69e502bea1122-5\" data-stretch-type=\"full\" ><div id=\"pgc-gb44-69e502bea1122-5-0\"  class=\"panel-grid-cell\" ><div id=\"panel-gb44-69e502bea1122-5-0-0\" class=\"so-panel widget widget_text panel-first-child panel-last-child\" data-index=\"8\" ><div class=\"panel-widget-style panel-widget-style-for-gb44-69e502bea1122-5-0-0\" >\t\t\t<div class=\"textwidget\"><p>If you want a quality transport and logistics service, contact us with confidence.<\/p>\n<p>Partner Logistics d.o.o.<br \/>\nUlica Milana Amru\u0161a 10<br \/>\n10000 Zagreb<\/p>\n<p>Tel: +385 1 561 5098<\/p>\n<p><a href=\"mailto:transport@partnerlogistics.hr\">transport@partnerlogistics.hr<\/a><\/p>\n<\/div>\n\t\t<\/div><\/div><\/div><div id=\"pgc-gb44-69e502bea1122-5-1\"  class=\"panel-grid-cell\" ><div id=\"panel-gb44-69e502bea1122-5-1-0\" class=\"so-panel widget widget_themegrill_flash_heading tg-widget section-title-wrapper panel-first-child\" data-index=\"9\" >\t<h3 class=\"section-title\">Contact<\/h3>\n<\/div><div id=\"panel-gb44-69e502bea1122-5-1-1\" class=\"so-panel widget widget_wpforms-widget wpforms-widget panel-last-child\" data-index=\"10\" ><div class=\"wpforms-container wpforms-container-full\" id=\"wpforms-143\"><form id=\"wpforms-form-143\" class=\"wpforms-validate wpforms-form wpforms-ajax-form\" data-formid=\"143\" method=\"post\" enctype=\"multipart\/form-data\" action=\"\/en\/wp-json\/wp\/v2\/pages\/44\" data-token=\"1d9751214456646f9557d5a473eb89d8\" data-token-time=\"1776616126\" data-trp-original-action=\"\/en\/wp-json\/wp\/v2\/pages\/44\"><noscript class=\"wpforms-error-noscript\">Please enable JavaScript in your browser to complete this form.<\/noscript><div class=\"wpforms-field-container\"><div id=\"wpforms-143-field_0-container\" class=\"wpforms-field wpforms-field-name\" data-field-id=\"0\"><label class=\"wpforms-field-label\">Name <span class=\"wpforms-required-label\">*<\/span><\/label><div class=\"wpforms-field-row wpforms-field-medium\"><div class=\"wpforms-field-row-block wpforms-first wpforms-one-half\"><input type=\"text\" id=\"wpforms-143-field_0\" class=\"wpforms-field-name-first wpforms-field-required\" name=\"wpforms[fields][0][first]\" required><label for=\"wpforms-143-field_0\" class=\"wpforms-field-sublabel after\">First<\/label><\/div><div class=\"wpforms-field-row-block wpforms-one-half\"><input type=\"text\" id=\"wpforms-143-field_0-last\" class=\"wpforms-field-name-last wpforms-field-required\" name=\"wpforms[fields][0][last]\" required><label for=\"wpforms-143-field_0-last\" class=\"wpforms-field-sublabel after\">Last<\/label><\/div><\/div><\/div><div id=\"wpforms-143-field_1-container\" class=\"wpforms-field wpforms-field-email\" data-field-id=\"1\"><label class=\"wpforms-field-label\" for=\"wpforms-143-field_1\">Email <span class=\"wpforms-required-label\">*<\/span><\/label><input type=\"email\" id=\"wpforms-143-field_1\" class=\"wpforms-field-medium wpforms-field-required\" name=\"wpforms[fields][1]\" spellcheck=\"false\" required><\/div><div id=\"wpforms-143-field_2-container\" class=\"wpforms-field wpforms-field-textarea\" data-field-id=\"2\"><label class=\"wpforms-field-label\" for=\"wpforms-143-field_2\">Message <span class=\"wpforms-required-label\">*<\/span><\/label><textarea id=\"wpforms-143-field_2\" class=\"wpforms-field-medium wpforms-field-required\" name=\"wpforms[fields][2]\" required><\/textarea><\/div><\/div><!-- .wpforms-field-container --><div class=\"wpforms-recaptcha-container wpforms-is-hcaptcha\" ><div class=\"g-recaptcha\" data-sitekey=\"60ed8e11-5181-465f-a883-1d489313144a\"><\/div><input type=\"text\" name=\"g-recaptcha-hidden\" class=\"wpforms-recaptcha-hidden\" style=\"position:absolute!important;clip:rect(0,0,0,0)!important;height:1px!important;width:1px!important;border:0!important;overflow:hidden!important;padding:0!important;margin:0!important;\" data-rule-hcaptcha=\"1\"><\/div><div class=\"wpforms-submit-container\" ><input type=\"hidden\" name=\"wpforms[id]\" value=\"143\"><input type=\"hidden\" name=\"page_title\" value=\"\"><input type=\"hidden\" name=\"page_url\" value=\"https:\/\/www.partnerlogistics.hr\/en\/wp-json\/wp\/v2\/pages\/44\"><input type=\"hidden\" name=\"url_referer\" value=\"\"><button type=\"submit\" name=\"wpforms[submit]\" id=\"wpforms-submit-143\" class=\"wpforms-submit\" data-alt-text=\"Sending...\" data-submit-text=\"Submit\" aria-live=\"assertive\" value=\"wpforms-submit\">Submit<\/button><img loading=\"lazy\" decoding=\"async\" src=\"https:\/\/www.partnerlogistics.hr\/wp-content\/plugins\/wpforms-lite\/assets\/images\/submit-spin.svg\" class=\"wpforms-submit-spinner\" style=\"display: none;\" width=\"26\" height=\"26\" alt=\"Loading\"><\/div><input type=\"hidden\" name=\"trp-form-language\" value=\"en\"\/><\/form><\/div>  <!-- .wpforms-container --><\/div><\/div><\/div><\/div><\/div>\n\n\n<div class=\"wp-block-columns are-vertically-aligned-center is-layout-flex wp-container-core-columns-is-layout-9d6595d7 wp-block-columns-is-layout-flex\">\n<div class=\"wp-block-column is-vertically-aligned-center is-layout-flow wp-block-column-is-layout-flow\" style=\"flex-basis:33.33%\">\n<figure class=\"wp-block-image size-large\"><img loading=\"lazy\" decoding=\"async\" width=\"350\" height=\"73\" src=\"https:\/\/www.partnerlogistics.hr\/wp-content\/uploads\/2024\/03\/HAMAG-Bicro-logo-RGB-mali.jpg\" alt=\"\" class=\"wp-image-220\"\/><\/figure>\n<\/div>\n\n\n\n<div class=\"wp-block-column is-vertically-aligned-center is-layout-flow wp-block-column-is-layout-flow\" style=\"flex-basis:33.33%\">\n<figure class=\"wp-block-image size-large is-style-default\"><img decoding=\"async\" src=\"https:\/\/www.partnerlogistics.hr\/wp-content\/uploads\/2024\/03\/EU-amblem.jpg\" alt=\"\" class=\"wp-image-219\"\/><\/figure>\n<\/div>\n\n\n\n<div class=\"wp-block-column is-vertically-aligned-center is-layout-flow wp-block-column-is-layout-flow\" style=\"flex-basis:33.33%\">\n<figure class=\"wp-block-image size-medium\"><img loading=\"lazy\" decoding=\"async\" width=\"300\" height=\"150\" src=\"https:\/\/www.partnerlogistics.hr\/wp-content\/uploads\/2024\/03\/ESIF-FI-logo-korisnik-300x150.jpg\" alt=\"\" class=\"wp-image-218\"\/><\/figure>\n<\/div>\n<\/div>","protected":false},"excerpt":{"rendered":"<p>Transport &amp; logistika, Partner Logistics d.o.o. je freight forwarding firma, nudimo usluge me\u0111unarodnog, doma\u0107eg prijevoza i logistike. Izaberite \u0161to vas [&hellip;]<\/p>","protected":false},"author":1,"featured_media":0,"parent":0,"menu_order":0,"comment_status":"closed","ping_status":"closed","template":"","meta":{"_monsterinsights_skip_tracking":false,"_monsterinsights_sitenote_active":false,"_monsterinsights_sitenote_note":"","_monsterinsights_sitenote_category":0,"footnotes":""},"class_list":["post-44","page","type-page","status-publish","hentry"],"aioseo_notices":[],"_links":{"self":[{"href":"https:\/\/www.partnerlogistics.hr\/en\/wp-json\/wp\/v2\/pages\/44","targetHints":{"allow":["GET"]}}],"collection":[{"href":"https:\/\/www.partnerlogistics.hr\/en\/wp-json\/wp\/v2\/pages"}],"about":[{"href":"https:\/\/www.partnerlogistics.hr\/en\/wp-json\/wp\/v2\/types\/page"}],"author":[{"embeddable":true,"href":"https:\/\/www.partnerlogistics.hr\/en\/wp-json\/wp\/v2\/users\/1"}],"replies":[{"embeddable":true,"href":"https:\/\/www.partnerlogistics.hr\/en\/wp-json\/wp\/v2\/comments?post=44"}],"version-history":[{"count":93,"href":"https:\/\/www.partnerlogistics.hr\/en\/wp-json\/wp\/v2\/pages\/44\/revisions"}],"predecessor-version":[{"id":226,"href":"https:\/\/www.partnerlogistics.hr\/en\/wp-json\/wp\/v2\/pages\/44\/revisions\/226"}],"wp:attachment":[{"href":"https:\/\/www.partnerlogistics.hr\/en\/wp-json\/wp\/v2\/media?parent=44"}],"curies":[{"name":"wp","href":"https:\/\/api.w.org\/{rel}","templated":true}]}}